{"id":9,"date":"2017-09-10T08:35:02","date_gmt":"2017-09-10T08:35:02","guid":{"rendered":"http:\/\/sv-hohenaverbergen.de\/?page_id=9"},"modified":"2017-09-11T06:50:18","modified_gmt":"2017-09-11T06:50:18","slug":"der-verein","status":"publish","type":"page","link":"https:\/\/sv-hohenaverbergen.de\/?page_id=9","title":{"rendered":"Der Verein"},"content":{"rendered":"<h3>Von der Gr\u00fcndung bis heute<\/h3>\n<p>Die Gr\u00fcndung des Sch\u00fctzenvereins\u00a0 ist auf die Initiative von mehreren jungen M\u00e4nnern im Fr\u00fchjahr <strong>1920<\/strong> zur\u00fcckzuf\u00fchren.<\/p>\n<p>Die Gr\u00fcndungsversammlung fand am 25. April <strong>1920<\/strong> statt. Es fanden sich gleich 56 Mitglieder, die sofort \u00fcber die Vereinsstatuten berieten und den Vorstand w\u00e4hlten. Auch wurde beschlossen einen Schie\u00dfstand mit 2 Schie\u00dfbahnen zu bauen.<\/p>\n<p>Am 18. Mai <strong>1920<\/strong> fand die erste Generalversammlung statt, auf der beschlossen wurde am 18. und 19. Juli erstmals ein Sch\u00fctzenfest zu feiern. Der Sch\u00fctzenfest Termin ist seit vielen Jahren der 2. Sonntag im Juli.<\/p>\n<p>Im Jahre <strong>1926<\/strong> wurde beim Sch\u00fctzenfest unsere Vereinsfahne feierlich eingeweiht. Zwei Jahre sp\u00e4ter, zum Sch\u00fctzenfest 1928, \u00a0wurde der K\u00f6nig erstmals mit der neu angeschafften K\u00f6nigskette ausgezeichnet.<\/p>\n<p>Von <strong>1937<\/strong> bis <strong>1948<\/strong> kam das Vereinsleben teilweise ganz zum Erliegen. Erst <strong>1948<\/strong> konnte im Rahmen des Erlaubten damit begonnen werden, das Vereinsleben zu reaktivieren.<\/p>\n<p>Die \u201e Neugr\u00fcndung \u201e des Sch\u00fctzenvereins Hohenaverbergen erfolgte am 11.Juli <strong>1949<\/strong>. Das Vereinsleben begann sich zu normalisieren. Im Jahre <strong>1952<\/strong> z\u00e4hlte man 40 Mitglieder. <strong>1953<\/strong> wurden bereits die Vereinsfeste nach altem Brauch gefeiert.<\/p>\n<p><strong>1958<\/strong> folgte der Beschluss Jugendliche in den Verein aufzunehmen, aber bereits <strong>1953<\/strong> wurde der erste Juniorenk\u00f6nig ausgeschossen.<\/p>\n<p>Die Mitgliederzahlen stiegen in den folgenden Jahren kontinuierlich an, so dass es auf dem alten Schie\u00dfstand zu klein wurde. Auf der au\u00dferordentlichen Generalversammlung <strong>1960<\/strong> wurde beschlossen einen neuen Schie\u00dfstand zu bauen.<\/p>\n<p>Es wurde auf dem Grundst\u00fcck unserer damaligen Vereinswirtin ein neuer Schie\u00dfstand mit 8 Schie\u00dfbahnen gebaut.<\/p>\n<p>In das Jahr <strong>1963<\/strong> fiel die Gr\u00fcndung unserer Damenabteilung, anfangs als Flintenweiber bezeichnet, heute ein nicht mehr wegzudenkender Bestandteil unseres Vereins.<\/p>\n<p>Auch in den folgenden Jahren stieg die Mitgliederzahl stetig an. Im Jahre <strong>2000<\/strong> wurde beschlossen den nicht mehr zeitgem\u00e4\u00dfen Schie\u00dfstand umzubauen. Es dauerte fast 2 Jahre mit den Bauarbeiten. Am Ende entstanden ein Schie\u00dfstand mit 7 elektronischen Anlagen f\u00fcr Kleinkaliberdisziplinen und ein Luftgewehrstand mit 9 St\u00e4nden.<\/p>\n<p>Dieser Stand ist einer der modernsten Schie\u00dfst\u00e4nde im Kreissch\u00fctzenverband Verden, auf den wir mit Recht stolz sein k\u00f6nnen.<\/p>\n<p>Zurzeit z\u00e4hlt der Verein 157 Mitglieder.<\/p>\n","protected":false},"excerpt":{"rendered":"<p>Von der Gr\u00fcndung bis heute Die Gr\u00fcndung des Sch\u00fctzenvereins\u00a0 ist auf die Initiative von mehreren jungen M\u00e4nnern im Fr\u00fchjahr 1920 zur\u00fcckzuf\u00fchren. Die Gr\u00fcndungsversammlung fand am 25. April 1920 statt. Es fanden sich gleich 56 Mitglieder, die sofort \u00fcber die Vereinsstatuten berieten und den Vorstand w\u00e4hlten. Auch wurde beschlossen einen Schie\u00dfstand mit 2 Schie\u00dfbahnen zu bauen.&hellip; <br \/> <a class=\"read-more\" href=\"https:\/\/sv-hohenaverbergen.de\/?page_id=9\">Weiterlesen<\/a><\/p>\n","protected":false},"author":1,"featured_media":0,"parent":0,"menu_order":0,"comment_status":"closed","ping_status":"closed","template":"","meta":[],"_links":{"self":[{"href":"https:\/\/sv-hohenaverbergen.de\/index.php?rest_route=\/wp\/v2\/pages\/9"}],"collection":[{"href":"https:\/\/sv-hohenaverbergen.de\/index.php?rest_route=\/wp\/v2\/pages"}],"about":[{"href":"https:\/\/sv-hohenaverbergen.de\/index.php?rest_route=\/wp\/v2\/types\/page"}],"author":[{"embeddable":true,"href":"https:\/\/sv-hohenaverbergen.de\/index.php?rest_route=\/wp\/v2\/users\/1"}],"replies":[{"embeddable":true,"href":"https:\/\/sv-hohenaverbergen.de\/index.php?rest_route=%2Fwp%2Fv2%2Fcomments&post=9"}],"version-history":[{"count":2,"href":"https:\/\/sv-hohenaverbergen.de\/index.php?rest_route=\/wp\/v2\/pages\/9\/revisions"}],"predecessor-version":[{"id":65,"href":"https:\/\/sv-hohenaverbergen.de\/index.php?rest_route=\/wp\/v2\/pages\/9\/revisions\/65"}],"wp:attachment":[{"href":"https:\/\/sv-hohenaverbergen.de\/index.php?rest_route=%2Fwp%2Fv2%2Fmedia&parent=9"}],"curies":[{"name":"wp","href":"https:\/\/api.w.org\/{rel}","templated":true}]}}