{"id":13,"date":"2017-09-10T08:35:58","date_gmt":"2017-09-10T08:35:58","guid":{"rendered":"http:\/\/sv-hohenaverbergen.de\/?page_id=13"},"modified":"2019-07-29T17:18:14","modified_gmt":"2019-07-29T17:18:14","slug":"damenabteilung","status":"publish","type":"page","link":"https:\/\/sv-hohenaverbergen.de\/?page_id=13","title":{"rendered":"Damenabteilung"},"content":{"rendered":"<p><strong>Inhaltsverzeichnis<\/strong><br \/>\n<a href=\"#1\">Chronik<\/a><br \/>\n<a href=\"#2\">Damenleiterinnen<\/a><br \/>\n<a href=\"#6\">Hohener K\u00f6niginnen<\/a><br \/>\n<a href=\"#3\">K\u00f6nigin der K\u00f6niginnen<\/a><br \/>\n<a href=\"#4\">Hohener Verbandsk\u00f6niginnen<\/a><br \/>\n<a href=\"#5\">Damen im Vorstand<\/a><\/p>\n<h3 id=\"1\" tabindex=\"-1\">Chronik<\/h3>\n<p><strong>1963<\/strong> haben sich acht Hohenerinnen etwas getraut und nach dem Sch\u00fctzenfest beantragt in den Verein &#8211; bis dahin eine reine M\u00e4nner-dom\u00e4ne &#8211; aufgenommen zu werden.<\/p>\n<p>Diesen mutigen Damen ist es zu verdanken, dass wir unser 50-j\u00e4hriges Bestehen feiern konnten. Heute w\u00fcrde man sagen, die Damen hatten im Jahr <strong>1963<\/strong> noch keine Vollmitgliedschaft im Verein, denn ein Stimmrecht gab es f\u00fcr sie nicht. Dies \u00e4nderte sich erst <strong>1966<\/strong>, da wurde auch den Frauen dieses Recht einger\u00e4umt.<\/p>\n<p>Bis <strong>1966<\/strong> erhielt die K\u00f6nigin \u201enur\u201c einen Pokal als Siegerin, doch dann wurde ebenfalls f\u00fcr die Damen eine K\u00f6nigskette angeschafft. Die Siegerinnen beschlossen Medaillen mit Gravur als Erinnerung an die neue Kette anzubringen, so wie es bis heute Tradition ist.<\/p>\n<p>Im Januar <strong>1967<\/strong> wurde die Sprecherin der Damenriege, Irmtraut Frey, in den erweiterten Vorstand gew\u00e4hlt und die Damen haben sich f\u00fcr eine Uniform mit Vereinsweste, wei\u00dfer Bluse und schwarzem Rock entschieden. Damit aber das neue Kleid noch bewundert werden konnte, \u201edenn es gab ja nur zum Sch\u00fctzen- und Erntefest ein neues\u201c, so ein Kommentar einer Gr\u00fcndungsdame, durfte der K\u00f6nigsball in Zivil besucht werden.<\/p>\n<p><strong>1970<\/strong> geh\u00f6rten 15 Frauen zur Hohener Damenriege.<\/p>\n<p>Ab <strong>1973<\/strong> geh\u00f6rte Irmtraut Frey als Damenleiterin dem Hauptvorstand an.<\/p>\n<p><strong>1977<\/strong> \u00fcbergab Irmtraut Frey das Amt der Damenleiterin an Helga M\u00fcller, die den Damen bis Jahr 1980 vorstand.<\/p>\n<p><strong>1978<\/strong> Rotraud Zitelmann, gew\u00e4hlt zur Schriftf\u00fchrerin, folgte als zweite Frau in den Hauptvorstand. Zur Unterst\u00fctzung der Damenleiterin wurde eine Position der 2. Damenleiterin eingef\u00fchrt. Annegret Pehling wurde gew\u00e4hlt und hat seitdem dieses Amt inne.<\/p>\n<p><strong>1981<\/strong> \u00fcbernahm Anneliese Haase das Amt der Damenleiterin. Sie leitete sehr erfolgreich die Geschicke der Damen und legte die Grundlagen f\u00fcr viele sportliche Erfolge.<\/p>\n<p><strong>1982<\/strong> pr\u00e4sentierten sich die Sch\u00fctzendamen beim Ernteumzug in \u201eK\u00fcchen-Uniformen\u201c. Wie man sieht hat es allen viel Spa\u00df gemacht.<\/p>\n<p><strong>1983<\/strong> zum 20-j\u00e4hrigen Bestehen wurde intern gefeiert.<\/p>\n<p><strong>1988<\/strong> zum 25-j\u00e4hrigen Bestehen der Damenabteilung trafen sich wieder viele Sch\u00fctzendamen aus dem KSV zum Preis- und Pokalschie\u00dfen in Hohen.<\/p>\n<p><strong>1989<\/strong> sollten auch die Damen eine eigene Scheibe f\u00fcr ihre K\u00f6nigin erhalten. Marlies Meyer bekam als erste Dame diese Scheibe an den Hausgiebel angebracht.<\/p>\n<p><strong>1990<\/strong> eine Scheibe f\u00fcr die K\u00f6nigin der K\u00f6niginnen wurde eingef\u00fchrt. Elke Haertel war die erste Sch\u00fctzin, die diese Scheibe erhielt.<\/p>\n<p><strong>1993<\/strong> wurde ein internes Pokalschie\u00dfen zum 30-j\u00e4hrigen Bestehen ausgerichtet. Das Schie\u00dfen fand am 3.Oktober mit Kaffeetrinken statt. Nach der Siegerehrung folgte noch ein gemeinsames Grillen aller Damen.<\/p>\n<p><strong>1995<\/strong> Beginn der j\u00e4hrlichen Herstellung und Verteilung von Adventsgestecken an die Senioren und Seniorinnen im Dorf.<\/p>\n<p><strong>1997<\/strong> gab Anneliese Haase nach sehr erfolgreicher Arbeit die Leitung der Damen an Birgit S\u00f6hn weiter.<\/p>\n<p><strong>1998<\/strong> erste Spargelfahrradtour der Damen, die in den Folgejahren auf den Gesamtverein ausgeweitet wurde. Bei der ersten Teilnahme an der Harz-Heide Meisterschaft gewinnen die Hohener Damen beim Pokalschie\u00dfen in Fredesloh den 2. Platz.<\/p>\n<p>Seit <strong>1999<\/strong> nehmen die Damen regelm\u00e4\u00dfig an den Fernwettk\u00e4mpfen des NSSV sowie am Schie\u00dfen um den Pokal der Landesdamenleiterin teil, wo sie Pokale und Einzelsiege erringen konnten.<\/p>\n<p><strong>2003<\/strong> zum 40. Jahrestag der Damen gab es keine Feier, sondern es wurde beschlossen erst das 50-j\u00e4hrige Jubil\u00e4um wieder zu feiern.<\/p>\n<p>Ab <strong>2004<\/strong> regelm\u00e4\u00dfige Durchf\u00fchrung von Rommee-Turnieren auf dem Schie\u00dfstand f\u00fcr die Damen und Jugendlichen.<\/p>\n<p>Seit <strong>2009<\/strong> regelm\u00e4\u00dfiges Angebot per Zug zum Weihnachtsmarktbummel zu fahren.<\/p>\n<p><strong>2011<\/strong> Landesvizemeisterschaft und Platz 3 errungen in Hannover. Erste Teilnahme an den Deutschen Meisterschaften in Hannover und Dortmund.<\/p>\n<p><strong>2012<\/strong> anl\u00e4sslich des Kreissch\u00fctzenverbandsfestes organisierten die Damen, mit Unterst\u00fctzung aus dem Dorfes, das Kaffeetrinken und Kuchenb\u00fcfett und sie gew\u00e4hrleisteten den reibungslosen und optimalen Ablauf im Festzelt.<\/p>\n<p><strong>2013<\/strong> Organisation der Jubil\u00e4umsveranstaltungen zum 50-j\u00e4hrigen Bestehen der Damenabteilung mit Schie\u00dfsportwoche und Kommersabend mit 180 Personen. Jubil\u00e4umsk\u00f6nigin wurde, wie schon vor 25 Jahren, Gudrun Ahlden.<\/p>\n<p><strong>2014<\/strong> Annegret Pehling stand f\u00fcr das Amt der stellvertretenden Damenleiterin nicht mehr zur Verf\u00fcgung. Bei der Jahreshauptversammlung wurde mit Ramona Gehrmann eine neue Nachfolgerin gew\u00e4hlt.<\/p>\n<p><strong>2015<\/strong> Werksbesichtigung bei Keks Freitag organisiert von Marlies Cordes, eine unserer Romm\u00e9 Spielerinnen aus dem Dorf. Seit 20 Jahren \u00fcbergeben die Sch\u00fctzendamen Adventsgestecke an alle Senioren \u00fcber 75 Jahre in Hohen.<\/p>\n<p><strong>2016<\/strong> regelm\u00e4\u00dfige Kartenspielturniere mit Grillen oder Kaffee &amp; Kuchen<\/p>\n<p><strong>2017<\/strong> Platz 5 bei den Landesmeisterschaften in der Disziplin KK 100m sportliche Auflage und damit die Startberechtigung zur Deutschenmeisterschaft erreicht.<\/p>\n<p>Die Herausforderung f\u00fcr die Zukunft wird sein f\u00fcr junge M\u00e4dchen und Frauen ein attraktives Freizeitangebot im d\u00f6rflichen Umfeld zu schaffen. Zu den schie\u00dfsportlichen M\u00f6glichkeiten mit modernster Technik m\u00fcssen genauso gemeinschaftliche Aktivit\u00e4ten und Veranstaltungen (z.B. Fahrten, Konzert- und Theaterbesuche) im Angebot sein, das aber auch die Tradition pflegt und weitergibt, sowie den Zusammenhalt der d\u00f6rflichen Gemeinschaft f\u00f6rdert. Unsere Altersstruktur zeigt, dass dringend neue Wege und Konzepte erarbeitet werden m\u00fcssen, damit der Fortbestand, gerade mit Blick auf den demografischen Wandel in der Gesellschaft, gemeistert werden kann.<\/p>\n<h3 id=\"2\" tabindex=\"-1\">Damenleiterinnen des SV Hohenaverbergen<\/h3>\n<p>Seit der Gr\u00fcndung gab es in den vergangenen 50 Jahren bis heute nur vier Damenleiterinnen im Sch\u00fctzenverein Hohen, was f\u00fcr Kontinuit\u00e4t spricht. Durch die Gew\u00e4hrung des Stimmrechts wurde die Damenleiterin als erste Frau in den Hauptvorstand des Vereines aufgenommen und weitere Damen sollten folgen. Sie besetzten nach und nach Positionen als Schriftf\u00fchrerin, Jugend- und Kassenwartin. W\u00e4hrend ihrer Vorstandsarbeit haben die Damen immer aktiv den Schie\u00dfsport von Frauen gef\u00f6rdert, so dass viele erfolgreiche Sch\u00fctzinnen die Folge waren. 1995 wurden erstmals durch die Sch\u00fctzendamen in der Woche vor dem 1. Advent an alle Hohener SeniorenInnen \u00fcber 75 Jahre Adventsgestecke angefertigt und verteilt . Mittlerweile ist diese vorweihnachtliche Geste\u00a0sehr willkommen, denn viele \u00c4ltere freuen sich nicht nur \u00fcber das Gesteck, sondern das auch Zeit f\u00fcr ein pers\u00f6nliches Gespr\u00e4ch da ist.<br \/>\nDie Geselligkeit kam bei keiner der Damenleiterinnen zu kurz. Viele Aktivit\u00e4ten wurden und werden angeboten u.a. sind das: Tagesfahrten, Fahrradtouren mit Spargelessen, Rommee-Turniere, das Herbstfest mit Grillen, der KSV-Damenabend, das gemeinsame Fr\u00fchst\u00fcck im Schie\u00dfstand, Weihnachtsmarktbesuch in Bremen und die traditionelle Weihnachtsfeier.<\/p>\n<h3 id=\"6\" tabindex=\"-1\">Hohener K\u00f6niginnen<\/h3>\n<table>\n<tbody>\n<tr>\n<td colspan=\"2\" width=\"176\">Jahr<\/td>\n<td colspan=\"2\" width=\"176\">Jahr<\/td>\n<\/tr>\n<tr>\n<td width=\"88\">1963<\/td>\n<td width=\"88\"><strong>Gr\u00fcndung der Damenriege <\/strong><\/td>\n<td width=\"88\">1988<\/td>\n<td width=\"88\">Gudrun Ahlden<\/td>\n<\/tr>\n<tr>\n<td width=\"88\">1964<\/td>\n<td width=\"88\">Irmtraut Frey<\/td>\n<td width=\"88\">1989<\/td>\n<td width=\"88\">Marlis Meyer<\/td>\n<\/tr>\n<tr>\n<td width=\"88\">1965<\/td>\n<td width=\"88\">Charlotte Heimsoth<\/td>\n<td width=\"88\">1990<\/td>\n<td width=\"88\">Birgit S\u00f6hn<\/td>\n<\/tr>\n<tr>\n<td width=\"88\">1966<\/td>\n<td width=\"88\">Anneliese Haase<\/td>\n<td width=\"88\">1991<\/td>\n<td width=\"88\">Irmgard Boyer<\/td>\n<\/tr>\n<tr>\n<td width=\"88\">1967<\/td>\n<td width=\"88\">Ingrid Hogrefe<\/td>\n<td width=\"88\">1992<\/td>\n<td width=\"88\">Anneliese Haase<\/td>\n<\/tr>\n<tr>\n<td width=\"88\">1968<\/td>\n<td width=\"88\">Brigitte Busch<\/td>\n<td width=\"88\">1993<\/td>\n<td width=\"88\">Hannelore Forster<\/td>\n<\/tr>\n<tr>\n<td width=\"88\">1969<\/td>\n<td width=\"88\">Alide Intemann<\/td>\n<td width=\"88\">1994<\/td>\n<td width=\"88\">Susanne Scheele Frey<\/td>\n<\/tr>\n<tr>\n<td width=\"88\">1970<\/td>\n<td width=\"88\">Elfriede Oestmann<\/td>\n<td width=\"88\">1995<\/td>\n<td width=\"88\">Charlotte Heimsoth<\/td>\n<\/tr>\n<tr>\n<td width=\"88\">1971<\/td>\n<td width=\"88\">Helga M\u00fcller<\/td>\n<td width=\"88\">1996<\/td>\n<td width=\"88\">Birgit S\u00f6hn<\/td>\n<\/tr>\n<tr>\n<td width=\"88\">1972<\/td>\n<td width=\"88\">Anneliese Haase<\/td>\n<td width=\"88\">1997<\/td>\n<td width=\"88\">Sabine Bode<\/td>\n<\/tr>\n<tr>\n<td width=\"88\">1973<\/td>\n<td width=\"88\">Agnes Hoops<\/td>\n<td width=\"88\">1998<\/td>\n<td width=\"88\">Marlis Meyer<\/td>\n<\/tr>\n<tr>\n<td width=\"88\">1974<\/td>\n<td width=\"88\">Leontine Rust<\/td>\n<td width=\"88\">1999<\/td>\n<td width=\"88\">Helga R\u00f6del<\/td>\n<\/tr>\n<tr>\n<td width=\"88\">1975<\/td>\n<td width=\"88\">Ingrid Hogrefe<\/td>\n<td width=\"88\">2000<\/td>\n<td width=\"88\">Annegret Rengstorf<\/td>\n<\/tr>\n<tr>\n<td width=\"88\">1976<\/td>\n<td width=\"88\">Rita Busch<\/td>\n<td width=\"88\">2001<\/td>\n<td width=\"88\">Anneliese Haase<\/td>\n<\/tr>\n<tr>\n<td width=\"88\">1977<\/td>\n<td width=\"88\">Irmtraut Frey<\/td>\n<td width=\"88\">2002<\/td>\n<td width=\"88\">Irmgard Boyer<\/td>\n<\/tr>\n<tr>\n<td width=\"88\">1978<\/td>\n<td width=\"88\">Magret Mindermann<\/td>\n<td width=\"88\">2003<\/td>\n<td width=\"88\">Rotraud Zitelmann<\/td>\n<\/tr>\n<tr>\n<td width=\"88\">1979<\/td>\n<td width=\"88\">Hannelore Forster<\/td>\n<td width=\"88\">2004<\/td>\n<td width=\"88\">Ines M\u00fcller<\/td>\n<\/tr>\n<tr>\n<td width=\"88\">1980<\/td>\n<td width=\"88\">Elke Haertel<\/td>\n<td width=\"88\">2005<\/td>\n<td width=\"88\">Annegret Pehling<\/td>\n<\/tr>\n<tr>\n<td width=\"88\">1981<\/td>\n<td width=\"88\">Leontine Rust<\/td>\n<td width=\"88\">2006<\/td>\n<td width=\"88\">Birgit S\u00f6hn<\/td>\n<\/tr>\n<tr>\n<td width=\"88\">1982<\/td>\n<td width=\"88\">Christa Heemsoth<\/td>\n<td width=\"88\">2007<\/td>\n<td width=\"88\">Carola Helmke<\/td>\n<\/tr>\n<tr>\n<td width=\"88\">1983<\/td>\n<td width=\"88\">Petra Haase<\/td>\n<td width=\"88\">2008<\/td>\n<td width=\"88\">Silvia Pehling<\/td>\n<\/tr>\n<tr>\n<td width=\"88\">1984<\/td>\n<td width=\"88\">Magret Mindermann<\/td>\n<td width=\"88\">2009<\/td>\n<td width=\"88\">Irmgard Boyer<\/td>\n<\/tr>\n<tr>\n<td width=\"88\">1985<\/td>\n<td width=\"88\">Ingrid Hogrefe<\/td>\n<td width=\"88\">2010<\/td>\n<td width=\"88\">Sandra Kaiser<\/td>\n<\/tr>\n<tr>\n<td width=\"88\">1986<\/td>\n<td width=\"88\">Regina Haase<\/td>\n<td width=\"88\">2011<\/td>\n<td width=\"88\">Cornelia Mory<\/td>\n<\/tr>\n<tr>\n<td width=\"88\">1987<\/td>\n<td width=\"88\">Elke Haertel<\/td>\n<td width=\"88\">2012<\/td>\n<td width=\"88\">Birgit S\u00f6hn<\/td>\n<\/tr>\n<\/tbody>\n<\/table>\n<table>\n<tbody>\n<tr>\n<td colspan=\"2\" width=\"176\">Jahr<\/td>\n<td colspan=\"2\" width=\"176\"><\/td>\n<\/tr>\n<tr>\n<td width=\"88\">2013<\/td>\n<td width=\"88\">Gudrun Ahlden<\/td>\n<td width=\"88\">2018<\/td>\n<td width=\"88\">Sandra Kaiser<\/td>\n<\/tr>\n<tr>\n<td width=\"88\">2014<\/td>\n<td width=\"88\">Carola Helmke<\/td>\n<td width=\"88\">2019<\/td>\n<td width=\"88\">Irmtraut Meyer<\/td>\n<\/tr>\n<tr>\n<td width=\"88\">2015<\/td>\n<td width=\"88\">Marlies Meyer<\/td>\n<td width=\"88\"><\/td>\n<td width=\"88\"><\/td>\n<\/tr>\n<tr>\n<td width=\"88\">2016<\/td>\n<td width=\"88\">Silvia Pehling<\/td>\n<td width=\"88\"><\/td>\n<td width=\"88\"><\/td>\n<\/tr>\n<tr>\n<td width=\"88\">2017<\/td>\n<td width=\"88\">Ramona Gehrmann<\/td>\n<td width=\"88\"><\/td>\n<td width=\"88\"><\/td>\n<\/tr>\n<\/tbody>\n<\/table>\n<h3 id=\"3\" tabindex=\"-1\">K\u00f6nigin der K\u00f6niginnen<\/h3>\n<p>Zum ersten Mal wurde im Jahre 1980 der Titel K\u00f6nigin der K\u00f6niginnen ausgeschossen. Teilnahmeberechtigt sind nur Damen und Juniorinnen, die bereits einmal in Hohen eine K\u00f6nigsw\u00fcrde errungen haben. Da dieser Titel nur alle 5 Jahre mit verdeckter Wertung ausgeschossen wird, ist die Spannung besonders gro\u00df w\u00e4hrend der Proklamation. Die beste Sch\u00fctzin erh\u00e4lt eine Erinnerungsmedaille und seit 1990 wird auch eine entsprechende Scheibe f\u00fcr die K\u00f6nigin der K\u00f6niginnen am Hausgiebel angenagelt.<br \/>\nDie folgenden Damen konnten sich seit 1980 diesen Titel sichern.<\/p>\n<ul>\n<li>1980 Anneliese Haase<\/li>\n<li>1985 Charlotte Heimsoth<\/li>\n<li>1990 Elke Haertel<\/li>\n<li>1995 Irmtraut Frey<\/li>\n<li>2000 Marlies Meyer<\/li>\n<li>2005 Silvia Pehling<\/li>\n<li>2010 Annegret Pehling<\/li>\n<li>2015 Silvia Pehling<\/li>\n<\/ul>\n<h3 id=\"4\" tabindex=\"-1\">Hohener Verbandsk\u00f6niginnen<\/h3>\n<p>Die Hohener Damen waren in den vergangenen 50 Jahren auch im Rahmen des Kreisverbandsfestes sehr aktiv. Es gelang ihnen sich mehrere K\u00f6nigstitel zu sichern und diverse 1. und 2. Hofdamen kamen ebenfalls aus Hohen. Helga Rengstorf sicherte sich im Jahr <strong>1965<\/strong> in Armsen, als erste Hohener Sch\u00fctzin den Kreisverbandstitel. <strong>1967<\/strong> konnte Helga Rengstorf diesen Erfolg wiederholen und wurde zum zweiten Mal Verbandsk\u00f6nigin. Bis heute konnte es ihr keine weitere Hohener Sch\u00fctzin nachtun und den Titelgewinn bei den Damen wiederholen. Tanja Pehling schaffte es als Jugendliche Kreisverbandsjugendk\u00f6nigin zu werden und im Jahr <strong>2008<\/strong> den Titel auch bei den Damen zu gewinnen. <strong>1971<\/strong> nutzte Agnes Hoops den Heimvorteil als Ausrichter und sorgte so daf\u00fcr das der Verbandstitel in Hohen blieb. Danach gab es eine \u201aDurststrecke\u2018 von 15 Jahren bis in Sehlingen Annegret Pehling <strong>1986<\/strong> den n\u00e4chsten Titel gewinnen konnte. <strong>2004<\/strong> wurde in Holteb\u00fcttel mit Birgit S\u00f6hn, die n\u00e4chste Hohener Verbandsk\u00f6nigin proklamiert.<\/p>\n<p>Beim Verbandsfest <strong>2008<\/strong> in Armsen kam es w\u00e4hrend der Proklamation zu einem Novum in der Geschichte des KSV Verden, denn alle Anw\u00e4rterinnen auf die Damenk\u00f6nigsw\u00fcrde kamen aus einem Verein, n\u00e4mlich aus Hohenaverbergen. Dass ein Verein die K\u00f6nigin sowie beide Hofdamen stellte, gab es zuvor<br \/>\nnoch nie. Tanja Pehling, Sandra Kaiser und Birgit S\u00f6hnhaben gezeigt, dass NICHTS unm\u00f6glich ist bei den Sch\u00fctzendamen.<\/p>\n<h3 id=\"5\" tabindex=\"-1\">Damen im Vorstand<\/h3>\n<p>Im Jahr 2013 sind die Frauen im Hauptvorstand unseres Sch\u00fctzenvereins in der \u00dcberzahl. Sandra Kaiser (Kassenwartin), Birgit S\u00f6hn (Damenleiterin), Carola Helmke (Schriftf\u00fchrerin) und Silvia Pehling (Jugendwartin) sind die aktuellen Mitglieder des Hauptvorstandes. Im erweiterten Vorstand arbeiten<br \/>\nRamona Gehrmann (2.Damenleiterin) sowie Sarina Heemsoth (2.Kassenwartin) aktiv mit.<\/p>\n<p>Unser Vorstand ist emanzipiert! Innerhalb des Hohener Sch\u00fctzenvorstandes haben sich \u201eUnsere M\u00e4nner\u201c schon seit vielen Jahren sehr erfolgreich emanzipiert. Die Zusammenarbeit mit den jeweiligen Bereichen ist harmonisch und alle Entscheidungen werden einvernehmlich getroffen. Die Vorstandsarbeit hat von den Ideen und dem Engagement der Damen \u00fcber die vergangenen Jahre sehr profitiert. Heute m\u00f6chte ich die Gelegenheit nutzen und mich bei allen Vorstandsmitgliedern f\u00fcr die Unterst\u00fctzung der Damenabteilung sowie f\u00fcr die gute und erfolgreiche Zusammenarbeit herzlich bedanken. Es macht Spa\u00df in diesem Gremium mitzuarbeiten und ich freue mich auf eine gemeinsame Zukunft mit euch.<\/p>\n","protected":false},"excerpt":{"rendered":"<p>Inhaltsverzeichnis Chronik Damenleiterinnen Hohener K\u00f6niginnen K\u00f6nigin der K\u00f6niginnen Hohener Verbandsk\u00f6niginnen Damen im Vorstand Chronik 1963 haben sich acht Hohenerinnen etwas getraut und nach dem Sch\u00fctzenfest beantragt in den Verein &#8211; bis dahin eine reine M\u00e4nner-dom\u00e4ne &#8211; aufgenommen zu werden. Diesen mutigen Damen ist es zu verdanken, dass wir unser 50-j\u00e4hriges Bestehen feiern konnten. Heute w\u00fcrde&hellip; <br \/> <a class=\"read-more\" href=\"https:\/\/sv-hohenaverbergen.de\/?page_id=13\">Weiterlesen<\/a><\/p>\n","protected":false},"author":1,"featured_media":0,"parent":9,"menu_order":0,"comment_status":"closed","ping_status":"closed","template":"","meta":[],"_links":{"self":[{"href":"https:\/\/sv-hohenaverbergen.de\/index.php?rest_route=\/wp\/v2\/pages\/13"}],"collection":[{"href":"https:\/\/sv-hohenaverbergen.de\/index.php?rest_route=\/wp\/v2\/pages"}],"about":[{"href":"https:\/\/sv-hohenaverbergen.de\/index.php?rest_route=\/wp\/v2\/types\/page"}],"author":[{"embeddable":true,"href":"https:\/\/sv-hohenaverbergen.de\/index.php?rest_route=\/wp\/v2\/users\/1"}],"replies":[{"embeddable":true,"href":"https:\/\/sv-hohenaverbergen.de\/index.php?rest_route=%2Fwp%2Fv2%2Fcomments&post=13"}],"version-history":[{"count":16,"href":"https:\/\/sv-hohenaverbergen.de\/index.php?rest_route=\/wp\/v2\/pages\/13\/revisions"}],"predecessor-version":[{"id":468,"href":"https:\/\/sv-hohenaverbergen.de\/index.php?rest_route=\/wp\/v2\/pages\/13\/revisions\/468"}],"up":[{"embeddable":true,"href":"https:\/\/sv-hohenaverbergen.de\/index.php?rest_route=\/wp\/v2\/pages\/9"}],"wp:attachment":[{"href":"https:\/\/sv-hohenaverbergen.de\/index.php?rest_route=%2Fwp%2Fv2%2Fmedia&parent=13"}],"curies":[{"name":"wp","href":"https:\/\/api.w.org\/{rel}","templated":true}]}}