{"id":11,"date":"2017-09-10T08:35:38","date_gmt":"2017-09-10T08:35:38","guid":{"rendered":"http:\/\/sv-hohenaverbergen.de\/?page_id=11"},"modified":"2018-10-29T19:54:28","modified_gmt":"2018-10-29T19:54:28","slug":"jugendabteilung","status":"publish","type":"page","link":"https:\/\/sv-hohenaverbergen.de\/?page_id=11","title":{"rendered":"Jugendabteilung"},"content":{"rendered":"<p><img loading=\"lazy\" class=\"aligncenter size-full wp-image-76\" src=\"http:\/\/sv-hohenaverbergen.de\/wp-content\/uploads\/2017\/09\/Jugend_2.png\" alt=\"\" width=\"681\" height=\"329\" srcset=\"https:\/\/sv-hohenaverbergen.de\/wp-content\/uploads\/2017\/09\/Jugend_2.png 681w, https:\/\/sv-hohenaverbergen.de\/wp-content\/uploads\/2017\/09\/Jugend_2-300x145.png 300w\" sizes=\"(max-width: 681px) 100vw, 681px\" \/><\/p>\n<p>&nbsp;<\/p>\n<p><strong><u>\u00dcbungsschie\u00dfen:<\/u><\/strong><\/p>\n<p><strong>Mittwoch:\u00a0<\/strong>ab 17.00 Uhr f\u00fcr Sch\u00fcler und Jugendliche (Ansprechpartner: Silvia Pehling)<\/p>\n<p style=\"text-align: center;\"><a href=\"http:\/\/sv-hohenaverbergen.de\/wp-content\/uploads\/2018\/10\/IMG-20181021-WA0027.jpg\"><img loading=\"lazy\" class=\"aligncenter wp-image-299\" src=\"http:\/\/sv-hohenaverbergen.de\/wp-content\/uploads\/2018\/10\/IMG-20181021-WA0027-1024x576.jpg\" alt=\"\" width=\"571\" height=\"321\" srcset=\"https:\/\/sv-hohenaverbergen.de\/wp-content\/uploads\/2018\/10\/IMG-20181021-WA0027-1024x576.jpg 1024w, https:\/\/sv-hohenaverbergen.de\/wp-content\/uploads\/2018\/10\/IMG-20181021-WA0027-300x169.jpg 300w, https:\/\/sv-hohenaverbergen.de\/wp-content\/uploads\/2018\/10\/IMG-20181021-WA0027-768x432.jpg 768w, https:\/\/sv-hohenaverbergen.de\/wp-content\/uploads\/2018\/10\/IMG-20181021-WA0027.jpg 1600w\" sizes=\"(max-width: 571px) 100vw, 571px\" \/><\/a><span style=\"color: #808080;\"><em>(Trainingsarbeit mit dem Lichtpunktgewehr, stehend aufgelegt. Trainer Silvia Pehling mit Ronja Heemsoth)<\/em><\/span><\/p>\n<p><strong><u>Disziplinen, die bei uns\u00a0 im Verein angeboten werden:<\/u><\/strong><\/p>\n<ul>\n<li>Lichtpunktschie\u00dfen mit Gewehr oder Pistole\u00a0ab 6 Jahren<\/li>\n<li>Luftgewehr und Luftpistole ab 12 Jahre (ab 10 Jahren nur mit \u00e4rztlicher Sondergenehmigung m\u00f6glich)<\/li>\n<li>Kleinkaliber (KK) &#8211; Gewehr 50 m ab 16 Jahren\u00a0(ab 14 Jahren mit Sondergenehmigung der Eltern)<\/li>\n<li>Kleinkaliber (KK) &#8211; Sportpistole 25 m ab 16 Jahren (ab 14 Jahren mit Sondergenehmigung der Eltern)<\/li>\n<li>Traditioneller Bogensport f\u00fcr Kinder ab 6 Jahren mit kindgerechten Sportger\u00e4ten<\/li>\n<\/ul>\n<p><img loading=\"lazy\" class=\"aligncenter size-full wp-image-80\" src=\"http:\/\/sv-hohenaverbergen.de\/wp-content\/uploads\/2017\/09\/Training.png\" alt=\"\" width=\"571\" height=\"337\" srcset=\"https:\/\/sv-hohenaverbergen.de\/wp-content\/uploads\/2017\/09\/Training.png 571w, https:\/\/sv-hohenaverbergen.de\/wp-content\/uploads\/2017\/09\/Training-300x177.png 300w\" sizes=\"(max-width: 571px) 100vw, 571px\" \/><\/p>\n<p><a href=\"http:\/\/sv-hohenaverbergen.de\/wp-content\/uploads\/2018\/10\/IMG-20181018-WA0009-1.jpg\"><img loading=\"lazy\" class=\"aligncenter wp-image-312\" src=\"http:\/\/sv-hohenaverbergen.de\/wp-content\/uploads\/2018\/10\/IMG-20181018-WA0009-1-768x1024.jpg\" alt=\"\" width=\"338\" height=\"450\" srcset=\"https:\/\/sv-hohenaverbergen.de\/wp-content\/uploads\/2018\/10\/IMG-20181018-WA0009-1-768x1024.jpg 768w, https:\/\/sv-hohenaverbergen.de\/wp-content\/uploads\/2018\/10\/IMG-20181018-WA0009-1-225x300.jpg 225w, https:\/\/sv-hohenaverbergen.de\/wp-content\/uploads\/2018\/10\/IMG-20181018-WA0009-1-1024x1365.jpg 1024w, https:\/\/sv-hohenaverbergen.de\/wp-content\/uploads\/2018\/10\/IMG-20181018-WA0009-1-810x1080.jpg 810w, https:\/\/sv-hohenaverbergen.de\/wp-content\/uploads\/2018\/10\/IMG-20181018-WA0009-1.jpg 1200w\" sizes=\"(max-width: 338px) 100vw, 338px\" \/><\/a><\/p>\n<p><strong><u>Rundenwettk\u00e4mpfe:<\/u><\/strong><\/p>\n<p>In \u00a0den Sommer- und Wintermonaten nehmen wir an den Rundenwettk\u00e4mpfen des Kreisverbandes Verden in verschiedenen Disziplinen teil.<\/p>\n<p>Im Sommer: KK-Gewehr und KK-Sportpistole<br \/>\nIm Winter: Luftgewehr und Luftpistole<\/p>\n<p><strong><u>Folgende Meisterschaften werden geschossen:<\/u><\/strong><\/p>\n<ul>\n<li>Vereinsmeisterschaft im Januar (Luftdruckwaffen) und Oktober (Kleinkaliber)<\/li>\n<li>Kreismeisterschaft im KSV Verden (Voraussetzung: Teilnahme an interner Vereinsmeisterschaft)<\/li>\n<li>Landesmeisterschaft in Hannover (Voraussetzung: Limit b.d. Kreismeisterschaft muss erreicht sein)<\/li>\n<li>Deutsche Meisterschaft in M\u00fcnchen (Voraussetzung: Limit b.d. Landesmeisterschaft muss erreicht sein)<\/li>\n<li>Biathlon im Sommer (Laufen, Schie\u00dfen, Laufen, Schie\u00dfen und Laufen)\n<ul>\n<li>f\u00fcr alle Altersgruppen mit dem Luftgewehr, Kids unter 12 Jahren mit dem Lichtpunkt<\/li>\n<li>Jeder Altersgruppe hat unterschiedliche Laufstrecken zu bew\u00e4ltigen<\/li>\n<\/ul>\n<\/li>\n<\/ul>\n<p><strong><u>Teilnahme am Landesjugendzeltlager<\/u><\/strong><\/p>\n<p>F\u00fcr die Kids von 6 Jahren bis 21 Jahren bieten wir Anfang der Sommerferien eine Jugendfreizeit mit Spiel, Sport und Spa\u00df \u00fcber den NSSV in Bad Fallingbostel an. In den beiden Wochen erleben die Kids viel Sportliches u.a. kann das Sportabzeichen gemacht werden, das Schwimmbad ist nah, der Sportplatz vor der T\u00fcr und weitere Angebote sind auch unvergesslich z.B. die Lagerfeuerwache.<\/p>\n","protected":false},"excerpt":{"rendered":"<p>&nbsp; \u00dcbungsschie\u00dfen: Mittwoch:\u00a0ab 17.00 Uhr f\u00fcr Sch\u00fcler und Jugendliche (Ansprechpartner: Silvia Pehling) (Trainingsarbeit mit dem Lichtpunktgewehr, stehend aufgelegt. Trainer Silvia Pehling mit Ronja Heemsoth) Disziplinen, die bei uns\u00a0 im Verein angeboten werden: Lichtpunktschie\u00dfen mit Gewehr oder Pistole\u00a0ab 6 Jahren Luftgewehr und Luftpistole ab 12 Jahre (ab 10 Jahren nur mit \u00e4rztlicher Sondergenehmigung m\u00f6glich) Kleinkaliber (KK)&hellip; <br \/> <a class=\"read-more\" href=\"https:\/\/sv-hohenaverbergen.de\/?page_id=11\">Weiterlesen<\/a><\/p>\n","protected":false},"author":1,"featured_media":0,"parent":9,"menu_order":0,"comment_status":"closed","ping_status":"closed","template":"","meta":[],"_links":{"self":[{"href":"https:\/\/sv-hohenaverbergen.de\/index.php?rest_route=\/wp\/v2\/pages\/11"}],"collection":[{"href":"https:\/\/sv-hohenaverbergen.de\/index.php?rest_route=\/wp\/v2\/pages"}],"about":[{"href":"https:\/\/sv-hohenaverbergen.de\/index.php?rest_route=\/wp\/v2\/types\/page"}],"author":[{"embeddable":true,"href":"https:\/\/sv-hohenaverbergen.de\/index.php?rest_route=\/wp\/v2\/users\/1"}],"replies":[{"embeddable":true,"href":"https:\/\/sv-hohenaverbergen.de\/index.php?rest_route=%2Fwp%2Fv2%2Fcomments&post=11"}],"version-history":[{"count":12,"href":"https:\/\/sv-hohenaverbergen.de\/index.php?rest_route=\/wp\/v2\/pages\/11\/revisions"}],"predecessor-version":[{"id":313,"href":"https:\/\/sv-hohenaverbergen.de\/index.php?rest_route=\/wp\/v2\/pages\/11\/revisions\/313"}],"up":[{"embeddable":true,"href":"https:\/\/sv-hohenaverbergen.de\/index.php?rest_route=\/wp\/v2\/pages\/9"}],"wp:attachment":[{"href":"https:\/\/sv-hohenaverbergen.de\/index.php?rest_route=%2Fwp%2Fv2%2Fmedia&parent=11"}],"curies":[{"name":"wp","href":"https:\/\/api.w.org\/{rel}","templated":true}]}}