{"id":21,"date":"2017-09-10T08:37:27","date_gmt":"2017-09-10T08:37:27","guid":{"rendered":"http:\/\/sv-hohenaverbergen.de\/?page_id=21"},"modified":"2017-09-11T08:50:50","modified_gmt":"2017-09-11T08:50:50","slug":"sport","status":"publish","type":"page","link":"http:\/\/sv-hohenaverbergen.de\/?page_id=21","title":{"rendered":"Sport"},"content":{"rendered":"<p><strong><u>\u00dcbungsschie\u00dfen:<\/u><\/strong><\/p>\n<p><strong>Mittwoch: <\/strong>ab 17.00 Uhr f\u00fcr Sch\u00fcler und Jugendliche,\u00a0ab 19.30 Uhr f\u00fcr alle<\/p>\n<p><strong>Freitag nur KK Sportpistole: <\/strong>ab 19:30 h (nur in Absprache &#8211; Tel: 0172 7468 581)<\/p>\n<p><strong>Sonntag: <\/strong>ab 10.00 Uhr f\u00fcr Alle<\/p>\n<p>&nbsp;<\/p>\n<p><strong><u>Disziplinen, die bei uns\u00a0 im Verein angeboten werden:<\/u><\/strong><\/p>\n<p>&nbsp;<\/p>\n<h2><strong>Luftgewehr und Luftpistole<\/strong><\/h2>\n<p>(ab 10 Jahren nur mit \u00e4rztlicher Sondergenehmigung m\u00f6glich, sonst ab 12 Jahren)<\/p>\n<ul>\n<li>Lichtpunktschie\u00dfen mit Gewehr oder Pistole (ab 6 Jahren)<\/li>\n<li>Luftgewehr (Freihand)<\/li>\n<li>3-Stellungskampf (Kniend, Liegend und Freihand nur f\u00fcr Sch\u00fcler und Jugendliche)<\/li>\n<li>Luftpistole<\/li>\n<\/ul>\n<p><strong>Auflage Disziplinen<\/strong><\/p>\n<p>(ab 46 Jahren)<\/p>\n<ul>\n<li>Luftgewehr Sticken<\/li>\n<li>Luftpistole Auflage (nur f\u00fcr Kreismeisterschaften)<\/li>\n<\/ul>\n<h2><strong>Kleinkaliber (KK) &#8211; Gewehr 50 m\u00a0\u00a0\u00a0\u00a0\u00a0\u00a0\u00a0\u00a0 <\/strong><\/h2>\n<p>(ab 14 Jahren mit Sondergenehmigung der Eltern, sonst ab 16 Jahren)<\/p>\n<ul>\n<li>KK-Gewehr Dreistellungskampf (Kniend, liegend und freihand)<\/li>\n<li>KK-Gewehr 30 Schu\u00df liegend<\/li>\n<li>KK-Gewehr 100 Meter (da weichen wir auf andere Schie\u00dfst\u00e4nde aus)<\/li>\n<\/ul>\n<p><strong>Kleinkaliber (KK) &#8211; Sportpistole 25 m <\/strong><\/p>\n<p>(ab 14 Jahren mit Sondergenehmigung der Eltern, sonst ab 16 Jahren)<\/p>\n<ul>\n<li>Freihand<\/li>\n<\/ul>\n<p><strong>Auflage Disziplinen ab 46 Jahren<\/strong><\/p>\n<ul>\n<li>Kleinkaliber (KK) &#8211; Gewehr Sticken<\/li>\n<\/ul>\n<p>&nbsp;<\/p>\n<p><strong><u>Rundenwettk\u00e4mpfe:<\/u><\/strong><\/p>\n<p>In \u00a0den Sommer- und Wintermonaten nehmen wir an den Rundenwettk\u00e4mpfen des Kreisverbandes Verden in verschiedenen Disziplinen teil.<\/p>\n<ul>\n<li>Im Sommer: KK-Gewehr und KK-Sportpistole<\/li>\n<li>Im Winter: Luftgewehr und Luftpistole<\/li>\n<\/ul>\n<p>&nbsp;<\/p>\n<p><strong><u>Folgende Meisterschaften werden geschossen:<\/u><\/strong><\/p>\n<ul>\n<li>Vereinsmeisterschaft im Januar (Luftdruckwaffen) und Oktober (KK)<\/li>\n<li>Kreismeisterschaft im KSV Verden (Teilnahme an interner Vereinsmeisterschaft)<\/li>\n<li>Landesmeisterschaft in Hannover (Limit b.d. Kreismeisterschaft muss erreicht sein)<\/li>\n<li>Deutsche Meisterschaft in M\u00fcnchen (Limit b.d. LM muss erreicht sein)<\/li>\n<li>Biathlon im Sommer (Laufen, Schie\u00dfen, Laufen, Schie\u00dfen und Laufen)\n<ul>\n<li>f\u00fcr alle Altersgruppen mit dem Luftgewehr<\/li>\n<li>f\u00fcr die Kids unter 12 Jahren mit dem Lichtpunkt<\/li>\n<li>Jeder Altersgruppe hat unterschiedliche Laufstrecken zu bew\u00e4ltigen<\/li>\n<\/ul>\n<\/li>\n<\/ul>\n","protected":false},"excerpt":{"rendered":"<p>\u00dcbungsschie\u00dfen: Mittwoch: ab 17.00 Uhr f\u00fcr Sch\u00fcler und Jugendliche,\u00a0ab 19.30 Uhr f\u00fcr alle Freitag nur KK Sportpistole: ab 19:30 h (nur in Absprache &#8211; Tel: 0172 7468 581) Sonntag: ab 10.00 Uhr f\u00fcr Alle &nbsp; Disziplinen, die bei uns\u00a0 im Verein angeboten werden: &nbsp; Luftgewehr und Luftpistole (ab 10 Jahren nur mit \u00e4rztlicher Sondergenehmigung m\u00f6glich,&hellip; <br \/> <a class=\"read-more\" href=\"http:\/\/sv-hohenaverbergen.de\/?page_id=21\">Weiterlesen<\/a><\/p>\n","protected":false},"author":1,"featured_media":0,"parent":0,"menu_order":0,"comment_status":"closed","ping_status":"closed","template":"","meta":[],"_links":{"self":[{"href":"http:\/\/sv-hohenaverbergen.de\/index.php?rest_route=\/wp\/v2\/pages\/21"}],"collection":[{"href":"http:\/\/sv-hohenaverbergen.de\/index.php?rest_route=\/wp\/v2\/pages"}],"about":[{"href":"http:\/\/sv-hohenaverbergen.de\/index.php?rest_route=\/wp\/v2\/types\/page"}],"author":[{"embeddable":true,"href":"http:\/\/sv-hohenaverbergen.de\/index.php?rest_route=\/wp\/v2\/users\/1"}],"replies":[{"embeddable":true,"href":"http:\/\/sv-hohenaverbergen.de\/index.php?rest_route=%2Fwp%2Fv2%2Fcomments&post=21"}],"version-history":[{"count":10,"href":"http:\/\/sv-hohenaverbergen.de\/index.php?rest_route=\/wp\/v2\/pages\/21\/revisions"}],"predecessor-version":[{"id":94,"href":"http:\/\/sv-hohenaverbergen.de\/index.php?rest_route=\/wp\/v2\/pages\/21\/revisions\/94"}],"wp:attachment":[{"href":"http:\/\/sv-hohenaverbergen.de\/index.php?rest_route=%2Fwp%2Fv2%2Fmedia&parent=21"}],"curies":[{"name":"wp","href":"https:\/\/api.w.org\/{rel}","templated":true}]}}