{"id":118,"date":"2018-04-04T07:24:32","date_gmt":"2018-04-04T07:24:32","guid":{"rendered":"http:\/\/sv-hohenaverbergen.de\/?page_id=118"},"modified":"2020-07-08T06:11:16","modified_gmt":"2020-07-08T06:11:16","slug":"schuetzenfest","status":"publish","type":"page","link":"http:\/\/sv-hohenaverbergen.de\/?page_id=118","title":{"rendered":"Sch\u00fctzenfest"},"content":{"rendered":"\n<p>Leider f\u00e4llt das Sch\u00fctzenfest 2020 pandemiebedingt aus. Mehr Informationen erh\u00e4ltst du hier: <a rel=\"noreferrer noopener\" href=\"http:\/\/sv-hohenaverbergen.de\/?p=521\" target=\"_blank\">Beitrag<\/a><\/p>\n\n\n\n<p>Aber selbstverst\u00e4ndlich bieten wir Alternativen an. Wenn du auf das Bild klickst, \u00f6ffnet sich die entsprechende .pdf, um die Lesbarkeit zu erh\u00f6hen.<\/p>\n\n\n\n<figure class=\"wp-block-image size-large\"><a href=\"http:\/\/sv-hohenaverbergen.de\/wp-content\/uploads\/2020\/07\/Aktionen-ohne-Sch\u00fctzenfest-11_-12_Juli_2020_1-1.pdf\" target=\"_blank\" rel=\"noopener noreferrer\"><img loading=\"lazy\" width=\"650\" height=\"865\" src=\"http:\/\/sv-hohenaverbergen.de\/wp-content\/uploads\/2020\/07\/Alternativen-Sch\u00fctzenfest.jpg\" alt=\"\" class=\"wp-image-538\" srcset=\"http:\/\/sv-hohenaverbergen.de\/wp-content\/uploads\/2020\/07\/Alternativen-Sch\u00fctzenfest.jpg 650w, http:\/\/sv-hohenaverbergen.de\/wp-content\/uploads\/2020\/07\/Alternativen-Sch\u00fctzenfest-225x300.jpg 225w\" sizes=\"(max-width: 650px) 100vw, 650px\" \/><\/a><\/figure>\n","protected":false},"excerpt":{"rendered":"<p>Leider f\u00e4llt das Sch\u00fctzenfest 2020 pandemiebedingt aus. Mehr Informationen erh\u00e4ltst du hier: Beitrag Aber selbstverst\u00e4ndlich bieten wir Alternativen an. Wenn du auf das Bild klickst, \u00f6ffnet sich die entsprechende .pdf, um die Lesbarkeit zu erh\u00f6hen.<\/p>\n","protected":false},"author":1,"featured_media":440,"parent":29,"menu_order":0,"comment_status":"closed","ping_status":"closed","template":"","meta":[],"_links":{"self":[{"href":"http:\/\/sv-hohenaverbergen.de\/index.php?rest_route=\/wp\/v2\/pages\/118"}],"collection":[{"href":"http:\/\/sv-hohenaverbergen.de\/index.php?rest_route=\/wp\/v2\/pages"}],"about":[{"href":"http:\/\/sv-hohenaverbergen.de\/index.php?rest_route=\/wp\/v2\/types\/page"}],"author":[{"embeddable":true,"href":"http:\/\/sv-hohenaverbergen.de\/index.php?rest_route=\/wp\/v2\/users\/1"}],"replies":[{"embeddable":true,"href":"http:\/\/sv-hohenaverbergen.de\/index.php?rest_route=%2Fwp%2Fv2%2Fcomments&post=118"}],"version-history":[{"count":5,"href":"http:\/\/sv-hohenaverbergen.de\/index.php?rest_route=\/wp\/v2\/pages\/118\/revisions"}],"predecessor-version":[{"id":541,"href":"http:\/\/sv-hohenaverbergen.de\/index.php?rest_route=\/wp\/v2\/pages\/118\/revisions\/541"}],"up":[{"embeddable":true,"href":"http:\/\/sv-hohenaverbergen.de\/index.php?rest_route=\/wp\/v2\/pages\/29"}],"wp:featuredmedia":[{"embeddable":true,"href":"http:\/\/sv-hohenaverbergen.de\/index.php?rest_route=\/wp\/v2\/media\/440"}],"wp:attachment":[{"href":"http:\/\/sv-hohenaverbergen.de\/index.php?rest_route=%2Fwp%2Fv2%2Fmedia&parent=118"}],"curies":[{"name":"wp","href":"https:\/\/api.w.org\/{rel}","templated":true}]}}